{"id":3410,"date":"2021-09-02T10:00:13","date_gmt":"2021-09-02T08:00:13","guid":{"rendered":"https:\/\/micronora.com\/legal-terms\/"},"modified":"2023-02-01T17:52:48","modified_gmt":"2023-02-01T15:52:48","slug":"legal-terms","status":"publish","type":"page","link":"https:\/\/micronora.com\/en\/legal-terms\/","title":{"rendered":"Legal terms"},"content":{"rendered":"<div class=\"fusion-fullwidth fullwidth-box fusion-builder-row-1 fusion-flex-container nonhundred-percent-fullwidth non-hundred-percent-height-scrolling\" style=\"--awb-border-radius-top-left:0px;--awb-border-radius-top-right:0px;--awb-border-radius-bottom-right:0px;--awb-border-radius-bottom-left:0px;--awb-margin-top:100px;--awb-margin-bottom:100px;--awb-flex-wrap:wrap;\" ><div class=\"fusion-builder-row fusion-row fusion-flex-align-items-flex-start fusion-flex-content-wrap\" style=\"max-width:1248px;margin-left: calc(-4% \/ 2 );margin-right: calc(-4% \/ 2 );\"><div class=\"fusion-layout-column fusion_builder_column fusion-builder-column-0 fusion_builder_column_1_1 1_1 fusion-flex-column\" style=\"--awb-bg-size:cover;--awb-width-large:100%;--awb-margin-top-large:0px;--awb-spacing-right-large:1.92%;--awb-margin-bottom-large:20px;--awb-spacing-left-large:1.92%;--awb-width-medium:100%;--awb-order-medium:0;--awb-spacing-right-medium:1.92%;--awb-spacing-left-medium:1.92%;--awb-width-small:100%;--awb-order-small:0;--awb-spacing-right-small:1.92%;--awb-spacing-left-small:1.92%;\"><div class=\"fusion-column-wrapper fusion-column-has-shadow fusion-flex-justify-content-flex-start fusion-content-layout-column\"><div class=\"fusion-text fusion-text-1\"><p>Le site\u00a0https:\/\/www.micronora.com, est la propri\u00e9t\u00e9 de l&#8217;Association Micronora &#8211; CS 62125 &#8211; 25052 Besan\u00e7on Cedex &#8211; France<\/p>\n<p>SIRET 778 296 947 00014<\/p>\n<h3 class=\"h2int\">Directeur de la publication<\/h3>\n<p>Fanny CHAUVIN, directrice.<\/p>\n<h3 class=\"h2int\">Conception graphique<\/h3>\n<p>Cactus &#8211; T\u00e9l. 33 (0)3 81 554 454 &#8211;\u00a0<a href=\"https:\/\/www.cactus-pub.com\" target=\"_blank\" rel=\"noopener\">www.cactus-pub.com<\/a><\/p>\n<h3 class=\"h2int\">Webdesign<\/h3>\n<p>unpointctout.com &#8211;\u00a0contact@unpointctout.com<\/p>\n<h3 class=\"h2int\">H\u00e9bergement<\/h3>\n<p>AMEN FR &#8211;\u00a0contact@unpointctout.com<\/p>\n<h3 class=\"h2int\">Respect l\u00e9gal &#8211; finalit\u00e9 des donn\u00e9es<\/h3>\n<p>Conform\u00e9ment \u00e0 la Loi Informatique et Libert\u00e9s du 6 janvier 1978, vous disposez d&#8217;un droit d&#8217;acc\u00e8s et de rectification aux donn\u00e9es personnelles vous concernant. Si vous souhaitez exercer ce droit il vous suffit, dans les conditions l\u00e9gales d\u00e9finies ci-apr\u00e8s, de prendre contact avec l&#8217;Association Micronora via\u00a0<a href=\"mailto:contact@micronora.com\">contact@micronora.com<\/a>. Dans un souci de parfaite confidentialit\u00e9, l&#8217;Association Micronora s&#8217;engage \u00e0 ne divulguer aucune information qu&#8217;il est amen\u00e9 \u00e0 d\u00e9tenir sur ses visiteurs, aupr\u00e8s de qui que ce soit.<\/p>\n<h3 class=\"h2int\">Droit et propri\u00e9t\u00e9<\/h3>\n<p>Les photographies, textes, slogans, dessins, images, logos, cartographies, s\u00e9quences anim\u00e9es ou non ainsi que toutes oeuvres int\u00e9gr\u00e9es dans le site sont la propri\u00e9t\u00e9 de l&#8217;Association Micronora ou de tiers ayant autoris\u00e9 l&#8217;Association Micronora \u00e0 les utiliser. L&#8217;utilisation de tout ou partie du site et des documents qui y sont reproduits, notamment par t\u00e9l\u00e9chargement, reproduction, transmission ou repr\u00e9sentation \u00e0 d&#8217;autres fins que pour l&#8217;usage personnel et priv\u00e9 dans un but non commercial est strictement interdit et doit \u00eatre conforme aux dispositions de l&#8217;article L122-5 du Code de la Propri\u00e9t\u00e9 Intellectuelle.<\/p>\n<h3 class=\"h2int\">Cookies &amp; donn\u00e9es personnelles<\/h3>\n<p><strong>Les Cookies de mesure d\u2019audience \u00e9mis par nous ou par nos prestataires techniques et partenaires r\u00e9gies aux fins de mesurer l\u2019audience des diff\u00e9rents contenus et rubriques de notre Site et de notre application, afin de les \u00e9valuer et de mieux les organiser.<br \/>\nLes Cookies de mesure d\u2019audience sont \u00e9mis par nous ou par nos prestataires techniques.<\/strong><br \/>\nOutre l\u2019analyse de fr\u00e9quentation, ils permettent, le cas \u00e9ch\u00e9ant, de d\u00e9tecter des probl\u00e8mes de navigation et par cons\u00e9quent d\u2019am\u00e9liorer l\u2019ergonomie de nos services.<br \/>\nLes services d\u2019analyses de fr\u00e9quentation utilis\u00e9s par ce Site ne produisent et n\u2019adressent \u00e0 nos prestataires techniques que des statistiques agr\u00e9g\u00e9es et des volumes de fr\u00e9quentation, \u00e0 l\u2019exclusion de toute information individuelle. Ils ne permettent pas de suivre votre navigation sur d\u2019autres sites.<br \/>\nLa dur\u00e9e de vie de ces Cookies de mesure d\u2019audience n\u2019exc\u00e8de pas 13 mois.<br \/>\nNous utilisons \u00e9galement des outils de mesure de l\u2019efficacit\u00e9 de nos campagnes d&#8217;emailing, nous permettant d\u2019engager des actions commerciales pertinentes en fonction des informations ainsi collect\u00e9es (par exemple l\u2019envoi d\u2019un nouveau message ou d\u2019une offre personnalis\u00e9e).<br \/>\nVous pouvez choisir de refuser les cookies d\u2019analyse statistique de vos donn\u00e9es de navigation. Pour ce faire, veuillez trouver les informations n\u00e9cessaires dans la suite de cette page.<\/p>\n<h3 class=\"h2int\">Refuser l\u2019utilisation de Cookies en utilisant des liens de d\u00e9sactivation sp\u00e9cifiques<\/h3>\n<p>Si vous ne souhaitez pas que notre Site enregistre des Cookies dans votre navigateur \u00e0 des fins de mesure d\u2019audience, de ciblage publicitaire ou ceux permettant l\u2019interaction avec les r\u00e9seaux sociaux, vous pouvez cliquer sur les liens de d\u00e9sactivation suivants.<br \/>\nCookies de mesure d&#8217;audience :<\/p>\n<ul>\n<li>Google Analytics \/ www.google.com \/\u00a0<a href=\"https:\/\/tools.google.com\/dlpage\/gaoptout?hl=fr\">Lien de d\u00e9sactivation<\/a><\/li>\n<li>Attention, ces Cookies permettent de mesurer le trafic ou l&#8217;audience, associ\u00e9 \u00e0 notre Site internet, aux pages visit\u00e9es et aux interactions r\u00e9alis\u00e9es sur le Site lors de votre visite. Les d\u00e9sactiver emp\u00eache donc toute collecte d&#8217;informations relatives \u00e0 votre navigation sur notre Site et donc la proposition de contenus \u00e9ditoriaux adapt\u00e9s en fonction de votre navigation.<\/li>\n<\/ul>\n<h3 class=\"h2int\">Liens hypertextes<\/h3>\n<p><strong>La mise en place d&#8217;un lien hypertexte vers le site www.micronora.com n\u00e9cessite une autorisation pr\u00e9alable \u00e9crite de l&#8217;Association Micronora. Si vous souhaitez mettre en place un lien hypertexte vers notre site, vous devez en cons\u00e9quence prendre contact avec le responsable du site. L&#8217;Association Micronora ne peut en aucun cas \u00eatre tenue pour responsable de la mise \u00e0 disposition des sites qui font l&#8217;objet d&#8217;un lien hypertexte \u00e0 partir du site www.micronora.com et ne peut supporter aucune responsabilit\u00e9 sur le contenu, les produits, les services, etc. disponibles sur ces sites ou \u00e0 partir de ces sites.<\/strong><\/p>\n<h3 class=\"h2int\">Limitation de responsabilit\u00e9<\/h3>\n<p>L&#8217;utilisateur utilise le site \u00e0 ses seuls risques. En aucun cas, ni l&#8217;Association Micronora, ni ses partenaires et sous-traitants ne pourront \u00eatre tenus responsables des dommages directs ou indirects, et notamment pr\u00e9judice mat\u00e9riel, perte de donn\u00e9es ou de programme, pr\u00e9judice financier, r\u00e9sultant de l&#8217;acc\u00e8s ou de l&#8217;utilisation de ce site ou de tous sites qui lui sont li\u00e9s. Le contenu du site est pr\u00e9sent\u00e9 sans aucune garantie de quelque nature que ce soit. L&#8217;acc\u00e8s aux produits et services pr\u00e9sent\u00e9s sur le site peut faire l&#8217;objet de restrictions. Vous devez donc vous assurer que la loi du pays \u00e0 partir duquel la connexion est \u00e9tablie vous autorise \u00e0 acc\u00e9der \u00e0 notre site.<\/p>\n<\/div><\/div><\/div><\/div><\/div>\n","protected":false},"excerpt":{"rendered":"","protected":false},"author":1,"featured_media":0,"parent":0,"menu_order":0,"comment_status":"closed","ping_status":"closed","template":"","meta":{"footnotes":""},"class_list":["post-3410","page","type-page","status-publish","hentry"],"yoast_head":"<!-- This site is optimized with the Yoast SEO plugin v27.4 - https:\/\/yoast.com\/product\/yoast-seo-wordpress\/ -->\n<title>Legal terms - Micronora<\/title>\n<meta name=\"robots\" content=\"index, follow, max-snippet:-1, max-image-preview:large, max-video-preview:-1\" \/>\n<link rel=\"canonical\" href=\"https:\/\/micronora.com\/en\/legal-terms\/\" \/>\n<meta property=\"og:locale\" content=\"en_US\" \/>\n<meta property=\"og:type\" content=\"article\" \/>\n<meta property=\"og:title\" content=\"Legal terms - Micronora\" \/>\n<meta property=\"og:url\" content=\"https:\/\/micronora.com\/en\/legal-terms\/\" \/>\n<meta property=\"og:site_name\" content=\"Micronora\" \/>\n<meta property=\"article:modified_time\" content=\"2023-02-01T15:52:48+00:00\" \/>\n<meta name=\"twitter:card\" content=\"summary_large_image\" \/>\n<meta name=\"twitter:label1\" content=\"Est. reading time\" \/>\n\t<meta name=\"twitter:data1\" content=\"7 minutes\" \/>\n<script type=\"application\/ld+json\" class=\"yoast-schema-graph\">{\"@context\":\"https:\\\/\\\/schema.org\",\"@graph\":[{\"@type\":\"WebPage\",\"@id\":\"https:\\\/\\\/micronora.com\\\/en\\\/legal-terms\\\/\",\"url\":\"https:\\\/\\\/micronora.com\\\/en\\\/legal-terms\\\/\",\"name\":\"Legal terms - Micronora\",\"isPartOf\":{\"@id\":\"https:\\\/\\\/micronora.com\\\/en\\\/#website\"},\"datePublished\":\"2021-09-02T08:00:13+00:00\",\"dateModified\":\"2023-02-01T15:52:48+00:00\",\"breadcrumb\":{\"@id\":\"https:\\\/\\\/micronora.com\\\/en\\\/legal-terms\\\/#breadcrumb\"},\"inLanguage\":\"en-US\",\"potentialAction\":[{\"@type\":\"ReadAction\",\"target\":[\"https:\\\/\\\/micronora.com\\\/en\\\/legal-terms\\\/\"]}]},{\"@type\":\"BreadcrumbList\",\"@id\":\"https:\\\/\\\/micronora.com\\\/en\\\/legal-terms\\\/#breadcrumb\",\"itemListElement\":[{\"@type\":\"ListItem\",\"position\":1,\"name\":\"Accueil\",\"item\":\"https:\\\/\\\/micronora.com\\\/en\\\/\"},{\"@type\":\"ListItem\",\"position\":2,\"name\":\"Legal terms\"}]},{\"@type\":\"WebSite\",\"@id\":\"https:\\\/\\\/micronora.com\\\/en\\\/#website\",\"url\":\"https:\\\/\\\/micronora.com\\\/en\\\/\",\"name\":\"Micronora\",\"description\":\"\",\"potentialAction\":[{\"@type\":\"SearchAction\",\"target\":{\"@type\":\"EntryPoint\",\"urlTemplate\":\"https:\\\/\\\/micronora.com\\\/en\\\/?s={search_term_string}\"},\"query-input\":{\"@type\":\"PropertyValueSpecification\",\"valueRequired\":true,\"valueName\":\"search_term_string\"}}],\"inLanguage\":\"en-US\"}]}<\/script>\n<!-- \/ Yoast SEO plugin. -->","yoast_head_json":{"title":"Legal terms - Micronora","robots":{"index":"index","follow":"follow","max-snippet":"max-snippet:-1","max-image-preview":"max-image-preview:large","max-video-preview":"max-video-preview:-1"},"canonical":"https:\/\/micronora.com\/en\/legal-terms\/","og_locale":"en_US","og_type":"article","og_title":"Legal terms - Micronora","og_url":"https:\/\/micronora.com\/en\/legal-terms\/","og_site_name":"Micronora","article_modified_time":"2023-02-01T15:52:48+00:00","twitter_card":"summary_large_image","twitter_misc":{"Est. reading time":"7 minutes"},"schema":{"@context":"https:\/\/schema.org","@graph":[{"@type":"WebPage","@id":"https:\/\/micronora.com\/en\/legal-terms\/","url":"https:\/\/micronora.com\/en\/legal-terms\/","name":"Legal terms - Micronora","isPartOf":{"@id":"https:\/\/micronora.com\/en\/#website"},"datePublished":"2021-09-02T08:00:13+00:00","dateModified":"2023-02-01T15:52:48+00:00","breadcrumb":{"@id":"https:\/\/micronora.com\/en\/legal-terms\/#breadcrumb"},"inLanguage":"en-US","potentialAction":[{"@type":"ReadAction","target":["https:\/\/micronora.com\/en\/legal-terms\/"]}]},{"@type":"BreadcrumbList","@id":"https:\/\/micronora.com\/en\/legal-terms\/#breadcrumb","itemListElement":[{"@type":"ListItem","position":1,"name":"Accueil","item":"https:\/\/micronora.com\/en\/"},{"@type":"ListItem","position":2,"name":"Legal terms"}]},{"@type":"WebSite","@id":"https:\/\/micronora.com\/en\/#website","url":"https:\/\/micronora.com\/en\/","name":"Micronora","description":"","potentialAction":[{"@type":"SearchAction","target":{"@type":"EntryPoint","urlTemplate":"https:\/\/micronora.com\/en\/?s={search_term_string}"},"query-input":{"@type":"PropertyValueSpecification","valueRequired":true,"valueName":"search_term_string"}}],"inLanguage":"en-US"}]}},"_links":{"self":[{"href":"https:\/\/micronora.com\/en\/wp-json\/wp\/v2\/pages\/3410","targetHints":{"allow":["GET"]}}],"collection":[{"href":"https:\/\/micronora.com\/en\/wp-json\/wp\/v2\/pages"}],"about":[{"href":"https:\/\/micronora.com\/en\/wp-json\/wp\/v2\/types\/page"}],"author":[{"embeddable":true,"href":"https:\/\/micronora.com\/en\/wp-json\/wp\/v2\/users\/1"}],"replies":[{"embeddable":true,"href":"https:\/\/micronora.com\/en\/wp-json\/wp\/v2\/comments?post=3410"}],"version-history":[{"count":9,"href":"https:\/\/micronora.com\/en\/wp-json\/wp\/v2\/pages\/3410\/revisions"}],"predecessor-version":[{"id":5244,"href":"https:\/\/micronora.com\/en\/wp-json\/wp\/v2\/pages\/3410\/revisions\/5244"}],"wp:attachment":[{"href":"https:\/\/micronora.com\/en\/wp-json\/wp\/v2\/media?parent=3410"}],"curies":[{"name":"wp","href":"https:\/\/api.w.org\/{rel}","templated":true}]}}